{"id":1844,"date":"2021-03-30T18:18:23","date_gmt":"2021-03-30T16:18:23","guid":{"rendered":"https:\/\/nuevaweb3.agc.es\/?page_id=1844"},"modified":"2024-02-13T13:29:21","modified_gmt":"2024-02-13T11:29:21","slug":"politica-de-privacidad","status":"publish","type":"page","link":"https:\/\/agc.es\/en\/aviso-legal\/politica-de-privacidad\/","title":{"rendered":"Pol\u00edtica de privacidad"},"content":{"rendered":"<div data-elementor-type=\"wp-page\" data-elementor-id=\"1844\" class=\"elementor elementor-1844\" data-elementor-post-type=\"page\">\n\t\t\t\t\t\t<section class=\"elementor-section elementor-top-section elementor-element elementor-element-a2c2949 elementor-section-boxed elementor-section-height-default elementor-section-height-default\" data-id=\"a2c2949\" data-element_type=\"section\">\n\t\t\t\t\t\t<div class=\"elementor-container elementor-column-gap-default\">\n\t\t\t\t\t<div class=\"elementor-column elementor-col-100 elementor-top-column elementor-element elementor-element-e10021d\" data-id=\"e10021d\" data-element_type=\"column\">\n\t\t\t<div class=\"elementor-widget-wrap elementor-element-populated\">\n\t\t\t\t\t\t<div class=\"elementor-element elementor-element-d4b0907 elementor-widget elementor-widget-heading\" data-id=\"d4b0907\" data-element_type=\"widget\" data-widget_type=\"heading.default\">\n\t\t\t\t<div class=\"elementor-widget-container\">\n\t\t\t<h5 class=\"elementor-heading-title elementor-size-default\">PRIVACY POLICY<\/h5>\t\t<\/div>\n\t\t\t\t<\/div>\n\t\t\t\t<div class=\"elementor-element elementor-element-dc8db3d elementor-widget elementor-widget-text-editor\" data-id=\"dc8db3d\" data-element_type=\"widget\" data-widget_type=\"text-editor.default\">\n\t\t\t\t<div class=\"elementor-widget-container\">\n\t\t\t\t\t\t\t<p>Pol\u00edtica de Protecci\u00f3n de datos de\u00a0AGC AUTORENTING SL.<\/p><p><span style=\"color: var( --e-global-color-primary ); font-size: 22px; font-style: var(--h5__font-style); font-weight: bold; letter-spacing: -0.2px; font-family: var( --e-global-typography-text-font-family ), Sans-serif;\">\u00a0<\/span><\/p><p><span style=\"color: var( --e-global-color-primary ); font-size: 22px; font-style: var(--h5__font-style); font-weight: bold; letter-spacing: -0.2px; font-family: var( --e-global-typography-text-font-family ), Sans-serif;\">Who is responsible for processing your data?<\/span><\/p><p>El responsable de los tratamientos de datos referentes a los distintos procesos con respecto la gesti\u00f3n de usuarios, clientes y clientes potenciales, colaboradores y proveedores es AGC AUTORENTING SL, con domicilio social en Calle Estocolmo, 2 | 47008 Valladolid y CIF\u00a0B47511845.<\/p><p>For the purposes of our data protection policy, the contact email is info@agc.es.<\/p><p>Likewise, we inform you that, in the processing of data regarding the management of Users, Clients and Suppliers, there are no entities Co-Responsible for the Treatment.<span style=\"color: var( --e-global-color-text ); font-family: var( --e-global-typography-text-font-family ), Sans-serif; font-size: var( --e-global-typography-text-font-size ); font-weight: var( --e-global-typography-text-font-weight ); font-style: var(--base__font-style,normal);\">.<\/span><\/p><p><span style=\"color: var( --e-global-color-primary ); font-style: var(--h5__font-style); letter-spacing: -0.2px; font-size: 22px; font-weight: bold;\">\u00a0<\/span><\/p><p><span style=\"color: var( --e-global-color-primary ); font-style: var(--h5__font-style); letter-spacing: -0.2px; font-size: 22px; font-weight: bold;\">What type of data do we have about you and how did we obtain it?<\/span><\/p><p>Las categor\u00edas de datos personales que AGC AUTORENTING SL\u00a0trata sobre sus clientes y proveedores son:<\/p><ul><li>Identification data<\/li><li>Postal or electronic addresses<\/li><li>Commercial information<\/li><li>Economic and transaction data<\/li><\/ul><p>In no case do we process specially protected data.<\/p><p>We have obtained all the data mentioned above directly from you through the presentation of a commercial offer, contractual proposal, etc. or through your company by providing us with the identification data and other information necessary to carry out the purpose of the contractual relationship between the parties. It will be your or your company&#039;s obligation to provide us with updated data in the event of a change. With respect to the data of job candidates, we have obtained their data by submitting a CV on their part or obtaining their application through the services of a job portal. In the latter case, you have authorized this transfer of your data to our company by inserting your CV data in the employment portal.<\/p><h5>\u00a0<\/h5><h5>How long will we keep your data?<\/h5><p>Los datos personales relativos a personas f\u00edsicas vinculadas a clientes potenciales, clientes y proveedores que AGC AUTORENTING SL\u00a0recopile mediante los distintos formularios de contacto y\/o recogida de informaci\u00f3n se conservar\u00e1n mientras no se solicite su supresi\u00f3n por el interesado. Los datos proporcionados por nuestros clientes y proveedores se conservar\u00e1n mientras se mantenga la relaci\u00f3n mercantil entre las partes respetando en cualquier caso los plazos m\u00ednimos legales de conservaci\u00f3n seg\u00fan la materia.<\/p><p>In any case, AGC AUTORENTING SL will keep your personal data for the period of time that is reasonably necessary taking into account our needs to respond to questions that arise or resolve problems, make improvements, activate new services and comply with the requirements demanded by the applicable legislation. This means that we may retain your personal data for a reasonable period of time even after you have stopped using our products or after you have stopped using this website. After this period, your personal data will be deleted from all AGC AUTORENTING SL systems.<\/p><h5>\u00a0<\/h5><h5>For what purpose and on what legal basis do we process your data?<\/h5><p>At AGC AUTORENTING SL we process the data provided to us by interested parties in order to manage different activities derived from specific procedures carried out in terms of sales, after-sales service, supplier management, candidate management, quality of services, etc. In this way, we will use your data to carry out some of the following actions based on the respective basis of legitimacy:<\/p><table><tbody><tr><td width=\"272\">PURPOSE OF TREATMENT<\/td><td width=\"272\">BASIS OF LEGITIMATION<\/td><\/tr><tr><td width=\"272\">Accounting, fiscal, administrative and commercial management of the chamber<\/td><td width=\"272\">(pre)contract execution; Regulatory obligation<\/td><\/tr><tr><td width=\"272\">Management of courses\/days organized by the chamber<\/td><td width=\"272\">Consent of the affected person<\/td><\/tr><tr><td width=\"272\">Relationship and management of organizations and people of interest with which the chamber relates, as well as non-associated companies<\/td><td width=\"272\">Consent of the affected person<\/td><\/tr><tr><td width=\"272\">Relationship and management of members of the chamber<\/td><td width=\"272\">(Pre)contract execution<\/td><\/tr><tr><td width=\"272\">Fiscal, accounting and administrative management with suppliers<\/td><td width=\"272\">(pre)contract execution; Regulatory obligation<\/td><\/tr><tr><td width=\"272\">Management of information requests that arrive through the web form or social networks<\/td><td width=\"272\">Consent of the affected person<\/td><\/tr><tr><td width=\"272\">Management of data protection rights of interested parties<\/td><td width=\"272\">Regulatory obligation<\/td><\/tr><\/tbody><\/table><p>Regarding the referenced basis of legitimation, you are obliged to provide personal data; in the event that you do not provide your personal data, your contract will not be able to be executed or legal or obligations derived from public powers may be fulfilled.<\/p><p>We will not create commercial profiles based on the information provided and consequently we will not make automated decisions about you based on a commercial profile.<\/p><p>\u00a0<\/p><h5>To which recipients will your data be communicated?<\/h5><p>AGC AUTORENTING SL\u00a0nunca compartir\u00e1 tus datos personales con ninguna empresa tercera que pretenda utilizarlos en sus acciones de marketing directo, excepto en el caso de que nos hayas autorizado expresamente a ello.<\/p><p>Le informamos que podemos facilitar tus datos personales a organismos de la Administraci\u00f3n P\u00fablica y Autoridades competentes en aquellos casos que \u00a0\u00a0reciba un requerimiento legal por parte de dichas Autoridades o en los casos que actuando de buena fe, consideramos que tal acci\u00f3n es razonablemente necesaria para cumplir con un proceso judicial; para contestar cualquier reclamaci\u00f3n o demanda jur\u00eddica; o para proteger los derechos de \u00a0\u00a0o sus clientes y el p\u00fablico en general.<\/p><p>We inform you that your data or data of third parties communicated by you (spouses, children, etc.) will not be transferred or communicated to third parties except under legal obligation, with the company being solely responsible for its treatment and custody.<\/p><p>AGC AUTORENTING SL\u00a0puede proporcionar tus datos personales a terceras personas (Ej. proveedores de servicios de Internet que nos ayudan a administrar nuestra p\u00e1gina web o llevar a cabo los servicios contratados, empresas de soporte y mantenimiento inform\u00e1tico, empresas de log\u00edstica, gestor\u00edas y asesoramiento fiscal y contable, etc.). En cualquier caso, estas terceras personas deben mantener, en todo momento, los mismos niveles de seguridad que AGC AUTORENTING SL\u00a0en relaci\u00f3n a tus datos personales y, cuando sea necesario, estar\u00e1n vinculadas por compromisos legales a fin de guardar tus datos personales de forma privada y segura, y a fin de utilizar \u00fanicamente la informaci\u00f3n siguiendo instrucciones espec\u00edficas de AGC AUTORENTING SL.<\/p><p>We inform you that our entity does not carry out international transfers of data regarding the management of Users, Clients and\/or Suppliers.<\/p><p>\u00a0<\/p><h5>What are your rights as affected or interested parties?<\/h5><p>Cualquier persona tiene derecho a obtener confirmaci\u00f3n sobre si AGC AUTORENTING SL\u00a0est\u00e1 tratando datos personales que le conciernan, o no.<\/p><p>Specifically, interested parties can request the right of access to their personal data, as well as receiving it in a common format and machine reading if the processing is carried out by electronic means (right of portability).<\/p><p>Likewise, interested parties may request the right to rectify inaccurate data or, where appropriate, request its deletion when, among other reasons, the data is no longer necessary for the purposes for which it was collected.<\/p><p>Complementariamente, en determinadas circunstancias, los interesados podr\u00e1n solicitar la limitaci\u00f3n del tratamiento de sus datos, o en determinadas circunstancias y por motivos relacionados con su situaci\u00f3n particular, los interesados podr\u00e1n ejercitar su derecho a oponerse al tratamiento de sus datos. AGC AUTORENTING SL\u00a0dejar\u00e1 de tratar los datos, salvo por motivos leg\u00edtimos imperiosos, o el ejercicio o la defensa de posibles reclamaciones o en aquellas excepciones establecidas en la normativa aplicable.<\/p><p>Likewise, we inform you that you have the right to withdraw your consents at any time, without affecting the legality of the treatment based on the consent prior to its withdrawal.<\/p><p>As\u00ed mismo se informa al Usuario que en cualquier momento puede ejercitar los mencionados derechos dirigi\u00e9ndose por escrito a\u00a0nosotros utilizando los datos de contacto que aparecen en el Apartado 1, \u2018Responsable de tratamiento\u2019 de la presente pol\u00edtica de Protecci\u00f3n de Datos y Privacidad de AGC AUTORENTING SL, adjuntando copia de su DNI.\u00a0 Al igual modo, puede enviarnos un correo electr\u00f3nico a la direcci\u00f3n info@agc.es.<\/p><p>You will also have the right to file a claim with the Spanish Data Protection Agency, especially when you have not obtained satisfaction in the exercise of your rights.<\/p><p>Spanish Data Protection Agency.<\/p><p>C\/ Jorge Juan, 6<\/p><p>28001 \u2013 Madrid<\/p><p>Tel. 901100099 \/ 912663517<\/p><p>\u00a0<\/p><h5>Data protection of website users.<\/h5><p>De conformidad con el vigente Reglamento (UE) 2016\/679, AGC AUTORENTING SL\u00a0\u00a0 \u00a0informa que los datos de car\u00e1cter personal de los Usuarios del sitio web se tratar\u00e1n para la actividad del tratamiento indicado en cada formulario de recogida de datos de nuestra p\u00e1gina web por parte de AGC AUTORENTING SL. Dicho tratamiento de sus datos estar\u00e1 amparado en su propio consentimiento. \u00a0Al pulsar el bot\u00f3n \u201cENVIAR\u201d, el Usuario consiente al tratamiento de sus datos por parte de AGC AUTORENTING SL.<\/p><p>Asimismo, le informamos que salvo obligaci\u00f3n legal o consentimiento expreso por su parte AGC AUTORENTING SL\u00a0no va a ceder sus datos a terceras personas.<\/p><p>Igualmente, se informa al Usuario que en cualquier momento puede ejercitar los derechos de acceso, rectificaci\u00f3n o supresi\u00f3n de datos, as\u00ed como disponer de otros derechos reconocidos en el presente documento y regulados en el Reglamento (UE) 2016\/679, notific\u00e1ndolo a AGC AUTORENTING SL, C. del Hidrogeno, 16, 47012 Valladolid, e-mail: <a href=\"mailto:info@atresmarketing.com\">info@agc.es<\/a> or by calling 983 244 411.<\/p><p>On the other hand, in accordance with the provisions of Law 34\/2002, of July 11, on Information Society Services and Electronic Commerce, AGC AUTORENTING SL undertakes not to send advertising via email without having collected before the express authorization of the recipient. The User may object to the sending of advertising by checking the corresponding box.<\/p><p>\u00a0<\/p><h5>Other information of interest about our privacy policy<\/h5><p>1.\u00a0 \u00a0 \u00a0 \u00a0Medidas de Seguridad<\/p><p>AGC AUTORENTING SL adopts the security levels required by current European and Spanish regulations on data protection, taking into account the state of the art, the costs of application and the nature, scope, context and purposes of the processing described, as well as as risks of varying probability and severity to your rights and freedoms as an individual.<\/p><p>2.\u00a0 \u00a0 Tratamiento de datos de menores<\/p><p>Al amparo del RGPD (UE) 2016\/679 y de la LO 3\/2018, de 5 de diciembre, de Protecci\u00f3n de Datos Personales y Garant\u00eda de los Derechos Digitales, los menores de m\u00e1s de 14 a\u00f1os pueden dar su consentimiento a la contrataci\u00f3n de servicios de la sociedad de la informaci\u00f3n, como puede ser la inscripci\u00f3n en un foro, la cumplimentaci\u00f3n de un formulario de contacto, etc. No obstante, ser\u00e1 responsabilidad de AGC AUTORENTING SL\u00a0\u00a0 comprobar la veracidad de la edad indicada por parte del menor.<\/p><p>Of the capacity of consent granted to minors over 14 years of age, exceptions are made in cases in which the law requires the assistance of the holders of parental authority or guardianship for the celebration of the legal act or transaction in the context of which consent is sought. for the treatment.<\/p><p>For the processing of data of minors under 14 years of age, said data collection will always be carried out with the express consent of the parents or legal guardians.<\/p><p>3.\u00a0 \u00a0 \u00a0Modificaciones de nuestra Pol\u00edtica de Protecci\u00f3n de Datos y de Privacidad<\/p><p>Ocasionalmente, AGC AUTORENTING SL\u00a0\u00a0 podr\u00e1 realizar modificaciones y correcciones en este apartado de Pol\u00edtica de Protecci\u00f3n de Datos para Clientes, Proveedores y Usuarios. Por favor, verifique este apartado regularmente para consultar los cambios que puedan haber existido y de qu\u00e9 manera le pueden afectar.<\/p><p>4.\u00a0 \u00a0\u00bfPor qu\u00e9 es necesario aceptar est\u00e1 Pol\u00edtica de Protecci\u00f3n de Datos y de Privacidad?<\/p><p>Este apartado de Pol\u00edtica de Protecci\u00f3n de Datos para Clientes, Proveedores y Usuarios le proporciona de un modo f\u00e1cilmente accesible toda la informaci\u00f3n necesaria para que puedas conocer la tipolog\u00eda de datos que AGC AUTORENTING SL\u00a0\u00a0 \u00a0mantiene sobre sus clientes potenciales, clientes y\/o proveedores, las finalidades perseguidas, los derechos que la normativa de protecci\u00f3n de datos reconoce a Ud. como persona afectada y el modo de c\u00f3mo ejercer dichos derechos. Por lo tanto, con el env\u00edo deliberado de sus datos personales mediante nuestros medios de contacto y\/o con el inicio de la relaci\u00f3n mercantil con nuestra empresa consideramos que reconoce y acepta el tratamiento de tus datos personales tal y como se describe en la presente pol\u00edtica. Esta informaci\u00f3n personal solamente se usar\u00e1 para los fines para los cuales nos la has facilitado o determinadas normativas nacionales o regionales nos habilitan hacerlo.<\/p><p>In any case, we must warn you that a refusal on your part to provide us with certain requested data could hinder the development of the contractual relationship between the parties with possible serious consequences when providing the various services contemplated within the commercial contract entered into with the contracting party.<\/p><p>If you have any questions in relation to this section of the Data Protection Policy for Potential Clients, Clients and Suppliers of AGC AUTORENTING SL, please contact the company using the address provided in the first section &#039;Controller&#039;. and we will be happy to assist you and answer any additional questions you may want to ask us.<\/p><p>\u00a0<\/p><h5>Applicable legislation<\/h5><p>These Conditions will be governed at all times by the provisions of Spanish and European legislation regarding the protection of personal data and privacy.<\/p>\t\t\t\t\t\t<\/div>\n\t\t\t\t<\/div>\n\t\t\t\t\t<\/div>\n\t\t<\/div>\n\t\t\t\t\t<\/div>\n\t\t<\/section>\n\t\t\t\t<\/div>","protected":false},"excerpt":{"rendered":"<p>POL\u00cdTICA DE PRIVACIDAD Pol\u00edtica de Protecci\u00f3n de datos de\u00a0AGC AUTORENTING SL. \u00a0 \u00bfQui\u00e9n es el responsable de tratamiento de sus datos? El responsable de los tratamientos de datos referentes a los distintos procesos con respecto la gesti\u00f3n de usuarios, clientes y clientes potenciales, colaboradores y proveedores es AGC AUTORENTING SL, con domicilio social en Calle [&hellip;]<\/p>","protected":false},"author":1,"featured_media":0,"parent":1850,"menu_order":0,"comment_status":"closed","ping_status":"closed","template":"elementor_header_footer","meta":{"footnotes":""},"yoast_head":"<!-- This site is optimized with the Yoast SEO plugin v23.0 - https:\/\/yoast.com\/wordpress\/plugins\/seo\/ -->\n<title>Pol\u00edtica de privacidad - AGC<\/title>\n<meta name=\"robots\" content=\"index, follow, max-snippet:-1, max-image-preview:large, max-video-preview:-1\" \/>\n<link rel=\"canonical\" href=\"https:\/\/agc.es\/en\/aviso-legal\/politica-de-privacidad\/\" \/>\n<meta property=\"og:locale\" content=\"en_GB\" \/>\n<meta property=\"og:type\" content=\"article\" \/>\n<meta property=\"og:title\" content=\"Pol\u00edtica de privacidad - AGC\" \/>\n<meta property=\"og:description\" content=\"POL\u00cdTICA DE PRIVACIDAD Pol\u00edtica de Protecci\u00f3n de datos de\u00a0AGC AUTORENTING SL. \u00a0 \u00bfQui\u00e9n es el responsable de tratamiento de sus datos? El responsable de los tratamientos de datos referentes a los distintos procesos con respecto la gesti\u00f3n de usuarios, clientes y clientes potenciales, colaboradores y proveedores es AGC AUTORENTING SL, con domicilio social en Calle [&hellip;]\" \/>\n<meta property=\"og:url\" content=\"https:\/\/agc.es\/en\/aviso-legal\/politica-de-privacidad\/\" \/>\n<meta property=\"og:site_name\" content=\"AGC\" \/>\n<meta property=\"article:modified_time\" content=\"2024-02-13T11:29:21+00:00\" \/>\n<meta name=\"twitter:card\" content=\"summary_large_image\" \/>\n<meta name=\"twitter:label1\" content=\"Estimated reading time\" \/>\n\t<meta name=\"twitter:data1\" content=\"10 minutes\" \/>\n<script type=\"application\/ld+json\" class=\"yoast-schema-graph\">{\"@context\":\"https:\/\/schema.org\",\"@graph\":[{\"@type\":\"WebPage\",\"@id\":\"https:\/\/agc.es\/aviso-legal\/politica-de-privacidad\/\",\"url\":\"https:\/\/agc.es\/aviso-legal\/politica-de-privacidad\/\",\"name\":\"Pol\u00edtica de privacidad - AGC\",\"isPartOf\":{\"@id\":\"https:\/\/agc.es\/#website\"},\"datePublished\":\"2021-03-30T16:18:23+00:00\",\"dateModified\":\"2024-02-13T11:29:21+00:00\",\"breadcrumb\":{\"@id\":\"https:\/\/agc.es\/aviso-legal\/politica-de-privacidad\/#breadcrumb\"},\"inLanguage\":\"en-GB\",\"potentialAction\":[{\"@type\":\"ReadAction\",\"target\":[\"https:\/\/agc.es\/aviso-legal\/politica-de-privacidad\/\"]}]},{\"@type\":\"BreadcrumbList\",\"@id\":\"https:\/\/agc.es\/aviso-legal\/politica-de-privacidad\/#breadcrumb\",\"itemListElement\":[{\"@type\":\"ListItem\",\"position\":1,\"name\":\"Portada\",\"item\":\"https:\/\/agc.es\/\"},{\"@type\":\"ListItem\",\"position\":2,\"name\":\"Aviso legal\",\"item\":\"https:\/\/agc.es\/aviso-legal\/\"},{\"@type\":\"ListItem\",\"position\":3,\"name\":\"Pol\u00edtica de privacidad\"}]},{\"@type\":\"WebSite\",\"@id\":\"https:\/\/agc.es\/#website\",\"url\":\"https:\/\/agc.es\/\",\"name\":\"AGC\",\"description\":\"Alquiler, renting y venta de veh&iacute;culos de ocasi&oacute;n\",\"publisher\":{\"@id\":\"https:\/\/agc.es\/#organization\"},\"potentialAction\":[{\"@type\":\"SearchAction\",\"target\":{\"@type\":\"EntryPoint\",\"urlTemplate\":\"https:\/\/agc.es\/?s={search_term_string}\"},\"query-input\":\"required name=search_term_string\"}],\"inLanguage\":\"en-GB\"},{\"@type\":\"Organization\",\"@id\":\"https:\/\/agc.es\/#organization\",\"name\":\"AGC\",\"url\":\"https:\/\/agc.es\/\",\"logo\":{\"@type\":\"ImageObject\",\"inLanguage\":\"en-GB\",\"@id\":\"https:\/\/agc.es\/#\/schema\/logo\/image\/\",\"url\":\"https:\/\/agc.es\/wp-content\/uploads\/2021\/04\/cropped-Agc-copia.png\",\"contentUrl\":\"https:\/\/agc.es\/wp-content\/uploads\/2021\/04\/cropped-Agc-copia.png\",\"width\":1175,\"height\":474,\"caption\":\"AGC\"},\"image\":{\"@id\":\"https:\/\/agc.es\/#\/schema\/logo\/image\/\"}}]}<\/script>\n<!-- \/ Yoast SEO plugin. -->","yoast_head_json":{"title":"Pol\u00edtica de privacidad - AGC","robots":{"index":"index","follow":"follow","max-snippet":"max-snippet:-1","max-image-preview":"max-image-preview:large","max-video-preview":"max-video-preview:-1"},"canonical":"https:\/\/agc.es\/en\/aviso-legal\/politica-de-privacidad\/","og_locale":"en_GB","og_type":"article","og_title":"Pol\u00edtica de privacidad - AGC","og_description":"POL\u00cdTICA DE PRIVACIDAD Pol\u00edtica de Protecci\u00f3n de datos de\u00a0AGC AUTORENTING SL. \u00a0 \u00bfQui\u00e9n es el responsable de tratamiento de sus datos? El responsable de los tratamientos de datos referentes a los distintos procesos con respecto la gesti\u00f3n de usuarios, clientes y clientes potenciales, colaboradores y proveedores es AGC AUTORENTING SL, con domicilio social en Calle [&hellip;]","og_url":"https:\/\/agc.es\/en\/aviso-legal\/politica-de-privacidad\/","og_site_name":"AGC","article_modified_time":"2024-02-13T11:29:21+00:00","twitter_card":"summary_large_image","twitter_misc":{"Estimated reading time":"10 minutes"},"schema":{"@context":"https:\/\/schema.org","@graph":[{"@type":"WebPage","@id":"https:\/\/agc.es\/aviso-legal\/politica-de-privacidad\/","url":"https:\/\/agc.es\/aviso-legal\/politica-de-privacidad\/","name":"Pol\u00edtica de privacidad - AGC","isPartOf":{"@id":"https:\/\/agc.es\/#website"},"datePublished":"2021-03-30T16:18:23+00:00","dateModified":"2024-02-13T11:29:21+00:00","breadcrumb":{"@id":"https:\/\/agc.es\/aviso-legal\/politica-de-privacidad\/#breadcrumb"},"inLanguage":"en-GB","potentialAction":[{"@type":"ReadAction","target":["https:\/\/agc.es\/aviso-legal\/politica-de-privacidad\/"]}]},{"@type":"BreadcrumbList","@id":"https:\/\/agc.es\/aviso-legal\/politica-de-privacidad\/#breadcrumb","itemListElement":[{"@type":"ListItem","position":1,"name":"Portada","item":"https:\/\/agc.es\/"},{"@type":"ListItem","position":2,"name":"Aviso legal","item":"https:\/\/agc.es\/aviso-legal\/"},{"@type":"ListItem","position":3,"name":"Pol\u00edtica de privacidad"}]},{"@type":"WebSite","@id":"https:\/\/agc.es\/#website","url":"https:\/\/agc.es\/","name":"AGC","description":"Alquiler, renting y venta de veh&iacute;culos de ocasi&oacute;n","publisher":{"@id":"https:\/\/agc.es\/#organization"},"potentialAction":[{"@type":"SearchAction","target":{"@type":"EntryPoint","urlTemplate":"https:\/\/agc.es\/?s={search_term_string}"},"query-input":"required name=search_term_string"}],"inLanguage":"en-GB"},{"@type":"Organization","@id":"https:\/\/agc.es\/#organization","name":"AGC","url":"https:\/\/agc.es\/","logo":{"@type":"ImageObject","inLanguage":"en-GB","@id":"https:\/\/agc.es\/#\/schema\/logo\/image\/","url":"https:\/\/agc.es\/wp-content\/uploads\/2021\/04\/cropped-Agc-copia.png","contentUrl":"https:\/\/agc.es\/wp-content\/uploads\/2021\/04\/cropped-Agc-copia.png","width":1175,"height":474,"caption":"AGC"},"image":{"@id":"https:\/\/agc.es\/#\/schema\/logo\/image\/"}}]}},"_links":{"self":[{"href":"https:\/\/agc.es\/en\/wp-json\/wp\/v2\/pages\/1844"}],"collection":[{"href":"https:\/\/agc.es\/en\/wp-json\/wp\/v2\/pages"}],"about":[{"href":"https:\/\/agc.es\/en\/wp-json\/wp\/v2\/types\/page"}],"author":[{"embeddable":true,"href":"https:\/\/agc.es\/en\/wp-json\/wp\/v2\/users\/1"}],"replies":[{"embeddable":true,"href":"https:\/\/agc.es\/en\/wp-json\/wp\/v2\/comments?post=1844"}],"version-history":[{"count":10,"href":"https:\/\/agc.es\/en\/wp-json\/wp\/v2\/pages\/1844\/revisions"}],"predecessor-version":[{"id":3569,"href":"https:\/\/agc.es\/en\/wp-json\/wp\/v2\/pages\/1844\/revisions\/3569"}],"up":[{"embeddable":true,"href":"https:\/\/agc.es\/en\/wp-json\/wp\/v2\/pages\/1850"}],"wp:attachment":[{"href":"https:\/\/agc.es\/en\/wp-json\/wp\/v2\/media?parent=1844"}],"curies":[{"name":"wp","href":"https:\/\/api.w.org\/{rel}","templated":true}]}}