{"id":3519,"date":"2024-01-31T15:11:45","date_gmt":"2024-01-31T13:11:45","guid":{"rendered":"https:\/\/agc.es\/?post_type=product&#038;p=3519"},"modified":"2024-01-31T15:11:45","modified_gmt":"2024-01-31T13:11:45","slug":"prueba-2","status":"publish","type":"product","link":"https:\/\/agc.es\/en\/product\/prueba-2\/","title":{"rendered":"Prueba 2"},"content":{"rendered":"<p>Esto es una descripci\u00f3nEsto es una descripci\u00f3nEsto es una descripci\u00f3nEsto es una descripci\u00f3nEsto es una descripci\u00f3nEsto es una descripci\u00f3nEsto es una <strong>descripci\u00f3nEsto es una descripci\u00f3nEsto es una descripes una descripci\u00f3nEsto es una descripci\u00f3nEsto es una descripci\u00f3nEsto es una descripci\u00f3nEsto es una de<\/strong>scripci\u00f3nEsto es una descripci\u00f3nEsto es una descripci\u00f3nEsto es una descripes una descripci\u00f3nEsto es una descripci\u00f3nEsto es una descripci\u00f3nEsto es una descripci\u00f3nEsto es una descripci\u00f3nEsto es una descripci\u00f3nEsto es una descripci\u00f3nEsto es una descripci\u00f3nEsto es una descripci\u00f3n<\/p>","protected":false},"excerpt":{"rendered":"<p>Esto es una descripci\u00f3nEsto es una descripci\u00f3nEsto es una descripci\u00f3nEsto es una descripci\u00f3nEsto es una descripci\u00f3nEsto es una descripci\u00f3nEsto es una descripci\u00f3nEsto es una descripci\u00f3nEsto es una descripes una descripci\u00f3nEsto es una descripci\u00f3nEsto es una descripci\u00f3nEsto es una descripci\u00f3nEsto es una descripci\u00f3nEsto es una descripci\u00f3nEsto es una descripci\u00f3nEsto es una descripes una descripci\u00f3nEsto es una [&hellip;]<\/p>","protected":false},"featured_media":3031,"template":"","meta":[],"product_cat":[63],"product_tag":[],"yoast_head":"<!-- This site is optimized with the Yoast SEO plugin v23.0 - https:\/\/yoast.com\/wordpress\/plugins\/seo\/ -->\n<title>Prueba 2 - AGC<\/title>\n<meta name=\"robots\" content=\"index, follow, max-snippet:-1, max-image-preview:large, max-video-preview:-1\" \/>\n<link rel=\"canonical\" href=\"https:\/\/agc.es\/en\/product\/prueba-2\/\" \/>\n<meta property=\"og:locale\" content=\"en_GB\" \/>\n<meta property=\"og:type\" content=\"article\" \/>\n<meta property=\"og:title\" content=\"Prueba 2 - AGC\" \/>\n<meta property=\"og:description\" content=\"Esto es una descripci\u00f3nEsto es una descripci\u00f3nEsto es una descripci\u00f3nEsto es una descripci\u00f3nEsto es una descripci\u00f3nEsto es una descripci\u00f3nEsto es una descripci\u00f3nEsto es una descripci\u00f3nEsto es una descripes una descripci\u00f3nEsto es una descripci\u00f3nEsto es una descripci\u00f3nEsto es una descripci\u00f3nEsto es una descripci\u00f3nEsto es una descripci\u00f3nEsto es una descripci\u00f3nEsto es una descripes una descripci\u00f3nEsto es una [&hellip;]\" \/>\n<meta property=\"og:url\" content=\"https:\/\/agc.es\/en\/product\/prueba-2\/\" \/>\n<meta property=\"og:site_name\" content=\"AGC\" \/>\n<meta property=\"og:image\" content=\"https:\/\/agc.es\/wp-content\/uploads\/2023\/08\/seat_coche-removebg-preview.png\" \/>\n\t<meta property=\"og:image:width\" content=\"606\" \/>\n\t<meta property=\"og:image:height\" content=\"411\" \/>\n\t<meta property=\"og:image:type\" content=\"image\/png\" \/>\n<meta name=\"twitter:card\" content=\"summary_large_image\" \/>\n<meta name=\"twitter:label1\" content=\"Estimated reading time\" \/>\n\t<meta name=\"twitter:data1\" content=\"1 minute\" \/>\n<script type=\"application\/ld+json\" class=\"yoast-schema-graph\">{\"@context\":\"https:\/\/schema.org\",\"@graph\":[{\"@type\":\"WebPage\",\"@id\":\"https:\/\/agc.es\/product\/prueba-2\/\",\"url\":\"https:\/\/agc.es\/product\/prueba-2\/\",\"name\":\"Prueba 2 - AGC\",\"isPartOf\":{\"@id\":\"https:\/\/agc.es\/#website\"},\"primaryImageOfPage\":{\"@id\":\"https:\/\/agc.es\/product\/prueba-2\/#primaryimage\"},\"image\":{\"@id\":\"https:\/\/agc.es\/product\/prueba-2\/#primaryimage\"},\"thumbnailUrl\":\"https:\/\/agc.es\/wp-content\/uploads\/2023\/08\/seat_coche-removebg-preview.png\",\"datePublished\":\"2024-01-31T13:11:45+00:00\",\"dateModified\":\"2024-01-31T13:11:45+00:00\",\"breadcrumb\":{\"@id\":\"https:\/\/agc.es\/product\/prueba-2\/#breadcrumb\"},\"inLanguage\":\"en-GB\",\"potentialAction\":[{\"@type\":\"ReadAction\",\"target\":[\"https:\/\/agc.es\/product\/prueba-2\/\"]}]},{\"@type\":\"ImageObject\",\"inLanguage\":\"en-GB\",\"@id\":\"https:\/\/agc.es\/product\/prueba-2\/#primaryimage\",\"url\":\"https:\/\/agc.es\/wp-content\/uploads\/2023\/08\/seat_coche-removebg-preview.png\",\"contentUrl\":\"https:\/\/agc.es\/wp-content\/uploads\/2023\/08\/seat_coche-removebg-preview.png\",\"width\":606,\"height\":411},{\"@type\":\"BreadcrumbList\",\"@id\":\"https:\/\/agc.es\/product\/prueba-2\/#breadcrumb\",\"itemListElement\":[{\"@type\":\"ListItem\",\"position\":1,\"name\":\"Portada\",\"item\":\"https:\/\/agc.es\/\"},{\"@type\":\"ListItem\",\"position\":2,\"name\":\"Vehiculo de Ocasi\u00f3n\",\"item\":\"https:\/\/agc.es\/tienda\/\"},{\"@type\":\"ListItem\",\"position\":3,\"name\":\"Prueba 2\"}]},{\"@type\":\"WebSite\",\"@id\":\"https:\/\/agc.es\/#website\",\"url\":\"https:\/\/agc.es\/\",\"name\":\"AGC\",\"description\":\"Alquiler, renting y venta de veh&iacute;culos de ocasi&oacute;n\",\"publisher\":{\"@id\":\"https:\/\/agc.es\/#organization\"},\"potentialAction\":[{\"@type\":\"SearchAction\",\"target\":{\"@type\":\"EntryPoint\",\"urlTemplate\":\"https:\/\/agc.es\/?s={search_term_string}\"},\"query-input\":\"required name=search_term_string\"}],\"inLanguage\":\"en-GB\"},{\"@type\":\"Organization\",\"@id\":\"https:\/\/agc.es\/#organization\",\"name\":\"AGC\",\"url\":\"https:\/\/agc.es\/\",\"logo\":{\"@type\":\"ImageObject\",\"inLanguage\":\"en-GB\",\"@id\":\"https:\/\/agc.es\/#\/schema\/logo\/image\/\",\"url\":\"https:\/\/agc.es\/wp-content\/uploads\/2021\/04\/cropped-Agc-copia.png\",\"contentUrl\":\"https:\/\/agc.es\/wp-content\/uploads\/2021\/04\/cropped-Agc-copia.png\",\"width\":1175,\"height\":474,\"caption\":\"AGC\"},\"image\":{\"@id\":\"https:\/\/agc.es\/#\/schema\/logo\/image\/\"}}]}<\/script>\n<!-- \/ Yoast SEO plugin. -->","yoast_head_json":{"title":"Prueba 2 - AGC","robots":{"index":"index","follow":"follow","max-snippet":"max-snippet:-1","max-image-preview":"max-image-preview:large","max-video-preview":"max-video-preview:-1"},"canonical":"https:\/\/agc.es\/en\/product\/prueba-2\/","og_locale":"en_GB","og_type":"article","og_title":"Prueba 2 - AGC","og_description":"Esto es una descripci\u00f3nEsto es una descripci\u00f3nEsto es una descripci\u00f3nEsto es una descripci\u00f3nEsto es una descripci\u00f3nEsto es una descripci\u00f3nEsto es una descripci\u00f3nEsto es una descripci\u00f3nEsto es una descripes una descripci\u00f3nEsto es una descripci\u00f3nEsto es una descripci\u00f3nEsto es una descripci\u00f3nEsto es una descripci\u00f3nEsto es una descripci\u00f3nEsto es una descripci\u00f3nEsto es una descripes una descripci\u00f3nEsto es una [&hellip;]","og_url":"https:\/\/agc.es\/en\/product\/prueba-2\/","og_site_name":"AGC","og_image":[{"width":606,"height":411,"url":"https:\/\/agc.es\/wp-content\/uploads\/2023\/08\/seat_coche-removebg-preview.png","type":"image\/png"}],"twitter_card":"summary_large_image","twitter_misc":{"Estimated reading time":"1 minute"},"schema":{"@context":"https:\/\/schema.org","@graph":[{"@type":"WebPage","@id":"https:\/\/agc.es\/product\/prueba-2\/","url":"https:\/\/agc.es\/product\/prueba-2\/","name":"Prueba 2 - AGC","isPartOf":{"@id":"https:\/\/agc.es\/#website"},"primaryImageOfPage":{"@id":"https:\/\/agc.es\/product\/prueba-2\/#primaryimage"},"image":{"@id":"https:\/\/agc.es\/product\/prueba-2\/#primaryimage"},"thumbnailUrl":"https:\/\/agc.es\/wp-content\/uploads\/2023\/08\/seat_coche-removebg-preview.png","datePublished":"2024-01-31T13:11:45+00:00","dateModified":"2024-01-31T13:11:45+00:00","breadcrumb":{"@id":"https:\/\/agc.es\/product\/prueba-2\/#breadcrumb"},"inLanguage":"en-GB","potentialAction":[{"@type":"ReadAction","target":["https:\/\/agc.es\/product\/prueba-2\/"]}]},{"@type":"ImageObject","inLanguage":"en-GB","@id":"https:\/\/agc.es\/product\/prueba-2\/#primaryimage","url":"https:\/\/agc.es\/wp-content\/uploads\/2023\/08\/seat_coche-removebg-preview.png","contentUrl":"https:\/\/agc.es\/wp-content\/uploads\/2023\/08\/seat_coche-removebg-preview.png","width":606,"height":411},{"@type":"BreadcrumbList","@id":"https:\/\/agc.es\/product\/prueba-2\/#breadcrumb","itemListElement":[{"@type":"ListItem","position":1,"name":"Portada","item":"https:\/\/agc.es\/"},{"@type":"ListItem","position":2,"name":"Vehiculo de Ocasi\u00f3n","item":"https:\/\/agc.es\/tienda\/"},{"@type":"ListItem","position":3,"name":"Prueba 2"}]},{"@type":"WebSite","@id":"https:\/\/agc.es\/#website","url":"https:\/\/agc.es\/","name":"AGC","description":"Alquiler, renting y venta de veh&iacute;culos de ocasi&oacute;n","publisher":{"@id":"https:\/\/agc.es\/#organization"},"potentialAction":[{"@type":"SearchAction","target":{"@type":"EntryPoint","urlTemplate":"https:\/\/agc.es\/?s={search_term_string}"},"query-input":"required name=search_term_string"}],"inLanguage":"en-GB"},{"@type":"Organization","@id":"https:\/\/agc.es\/#organization","name":"AGC","url":"https:\/\/agc.es\/","logo":{"@type":"ImageObject","inLanguage":"en-GB","@id":"https:\/\/agc.es\/#\/schema\/logo\/image\/","url":"https:\/\/agc.es\/wp-content\/uploads\/2021\/04\/cropped-Agc-copia.png","contentUrl":"https:\/\/agc.es\/wp-content\/uploads\/2021\/04\/cropped-Agc-copia.png","width":1175,"height":474,"caption":"AGC"},"image":{"@id":"https:\/\/agc.es\/#\/schema\/logo\/image\/"}}]}},"_links":{"self":[{"href":"https:\/\/agc.es\/en\/wp-json\/wp\/v2\/product\/3519"}],"collection":[{"href":"https:\/\/agc.es\/en\/wp-json\/wp\/v2\/product"}],"about":[{"href":"https:\/\/agc.es\/en\/wp-json\/wp\/v2\/types\/product"}],"version-history":[{"count":1,"href":"https:\/\/agc.es\/en\/wp-json\/wp\/v2\/product\/3519\/revisions"}],"predecessor-version":[{"id":3521,"href":"https:\/\/agc.es\/en\/wp-json\/wp\/v2\/product\/3519\/revisions\/3521"}],"wp:featuredmedia":[{"embeddable":true,"href":"https:\/\/agc.es\/en\/wp-json\/wp\/v2\/media\/3031"}],"wp:attachment":[{"href":"https:\/\/agc.es\/en\/wp-json\/wp\/v2\/media?parent=3519"}],"wp:term":[{"taxonomy":"product_cat","embeddable":true,"href":"https:\/\/agc.es\/en\/wp-json\/wp\/v2\/product_cat?post=3519"},{"taxonomy":"product_tag","embeddable":true,"href":"https:\/\/agc.es\/en\/wp-json\/wp\/v2\/product_tag?post=3519"}],"curies":[{"name":"wp","href":"https:\/\/api.w.org\/{rel}","templated":true}]}}